{"id":3,"date":"2019-12-23T22:39:53","date_gmt":"2019-12-23T21:39:53","guid":{"rendered":"https:\/\/www.club-cyclo-pays-de-malestroit.fr\/?page_id=3"},"modified":"2020-01-02T10:52:03","modified_gmt":"2020-01-02T09:52:03","slug":"politique-de-confidentialite","status":"publish","type":"page","link":"https:\/\/www.club-cyclo-pays-de-malestroit.fr\/index.php\/politique-de-confidentialite\/","title":{"rendered":"Mentions L\u00e9gales"},"content":{"rendered":"\n<p> <strong>Pr\u00e9sentation du site<\/strong>.<br> En vertu de l&#8217;article 6   de la loi n\u00b0 2004-575 du 21 juin 2004 pour la  confiance dans l&#8217;\u00e9conomie   num\u00e9rique, il est pr\u00e9cis\u00e9 aux utilisateurs      du site &#8220;http:\/\/www.club-cyclo-pays-de-malestroit.fr\/&#8221; l&#8217;identit\u00e9 des diff\u00e9rents  intervenants dans le cadre de sa r\u00e9alisation et de son suivi :    <br> Propri\u00e9taire :    David Denis 3 56140 Malestroit<br> Tel: 02 97 75 09 41       <br> Responsable publication : David Denis. Le responsable publication est une personne physique ou une personne morale.       <br> H\u00e9bergeur :Monarobase,  SARL, Avenue Ren\u00e9 La\u00ebnnec72000 Le Mans.Conditions g\u00e9n\u00e9rales d\u2019utilisation  du site et des services propos\u00e9s.    <br> L\u2019utilisation du site   &#8220;http:\/\/club-cyclo-pays-de-malestroit.fr&#8221; implique  l\u2019acceptation pleine et enti\u00e8re   des conditions g\u00e9n\u00e9rales d\u2019utilisation  ci-apr\u00e8s     d\u00e9crites. Ces conditions d\u2019utilisation sont susceptibles  d\u2019\u00eatre modifi\u00e9es ou compl\u00e9t\u00e9es \u00e0 tout moment, les utilisateurs du site     sont donc invit\u00e9s \u00e0 les consulter de mani\u00e8re r\u00e9guli\u00e8re.    Ce site est  normalement   accessible \u00e0 tout moment aux utilisateurs. Une  interruption pour raison   de maintenance technique peut \u00eatre      toutefois d\u00e9cid\u00e9e     . <br> Description des services fournis.<br> Le site &#8220;http:\/\/club-cyclo-pays-de-malestroit.fr&#8221; a pour objet de fournir une  information concernant l\u2019ensemble des activit\u00e9s de l&#8217;association  cyclotourisme de Malestroit &#8211; 56140 <\/p>\n","protected":false},"excerpt":{"rendered":"<p>Pr\u00e9sentation du site. En vertu de l&#8217;article 6 de la loi n\u00b0 2004-575 du 21 juin 2004 pour la confiance dans l&#8217;\u00e9conomie num\u00e9rique, il est pr\u00e9cis\u00e9 aux utilisateurs du site &#8220;http:\/\/www.club-cyclo-pays-de-malestroit.fr\/&#8221; l&#8217;identit\u00e9 des diff\u00e9rents intervenants dans le cadre de sa r\u00e9alisation et de son suivi : Propri\u00e9taire : David Denis 3 56140 Malestroit Tel: 02 [&hellip;]<\/p>\n","protected":false},"author":1,"featured_media":0,"parent":0,"menu_order":0,"comment_status":"closed","ping_status":"open","template":"","meta":{"_acf_changed":false,"_et_pb_use_builder":"","_et_pb_old_content":"","_et_gb_content_width":"","footnotes":""},"class_list":["post-3","page","type-page","status-publish","hentry"],"acf":[],"_links":{"self":[{"href":"https:\/\/www.club-cyclo-pays-de-malestroit.fr\/index.php\/wp-json\/wp\/v2\/pages\/3","targetHints":{"allow":["GET"]}}],"collection":[{"href":"https:\/\/www.club-cyclo-pays-de-malestroit.fr\/index.php\/wp-json\/wp\/v2\/pages"}],"about":[{"href":"https:\/\/www.club-cyclo-pays-de-malestroit.fr\/index.php\/wp-json\/wp\/v2\/types\/page"}],"author":[{"embeddable":true,"href":"https:\/\/www.club-cyclo-pays-de-malestroit.fr\/index.php\/wp-json\/wp\/v2\/users\/1"}],"replies":[{"embeddable":true,"href":"https:\/\/www.club-cyclo-pays-de-malestroit.fr\/index.php\/wp-json\/wp\/v2\/comments?post=3"}],"version-history":[{"count":3,"href":"https:\/\/www.club-cyclo-pays-de-malestroit.fr\/index.php\/wp-json\/wp\/v2\/pages\/3\/revisions"}],"predecessor-version":[{"id":1268,"href":"https:\/\/www.club-cyclo-pays-de-malestroit.fr\/index.php\/wp-json\/wp\/v2\/pages\/3\/revisions\/1268"}],"wp:attachment":[{"href":"https:\/\/www.club-cyclo-pays-de-malestroit.fr\/index.php\/wp-json\/wp\/v2\/media?parent=3"}],"curies":[{"name":"wp","href":"https:\/\/api.w.org\/{rel}","templated":true}]}}